{"id":18635,"date":"2015-04-15T20:03:01","date_gmt":"2015-04-15T20:03:01","guid":{"rendered":"http:\/\/dev-rebirth.divine.ca\/?page_id=18635"},"modified":"2015-04-15T20:03:01","modified_gmt":"2015-04-15T20:03:01","slug":"politique-de-confidentialite","status":"publish","type":"page","link":"https:\/\/divine.ca\/en\/politique-de-confidentialite\/","title":{"rendered":"politique de confidentialit\u00e9"},"content":{"rendered":"<p>\t\t\t\tChez divine.ca, nous prenons au s\u00e9rieux la protection de votre vie priv\u00e9e. La politique suivante vous indique comment nous utilisons vos informations personnelles.<\/p>\n<p>INFORMATIONS RECUEILLIES ET COMMENT NOUS LES UTILISONS: Vous avez toujours le contr\u00f4le des informations que vous fournissez \u00e0 divine.ca. Nous recueillons deux types d\u2019informations sur nos visiteurs: les informations personnelles (telles que le nom, l\u2019adresse, le num\u00e9ro de t\u00e9l\u00e9phone et l\u2019adresse courriel) que vous nous avez volontairement soumises et les informations g\u00e9n\u00e9rales (telles que le nombre de visiteurs sur nos sites, les pages auxquelles ils acc\u00e8dent, etc.).<\/p>\n<p>R\u00e8gle g\u00e9n\u00e9rale, vous pouvez visiter notre site Web sans avoir \u00e0 nous fournir votre identit\u00e9 ou r\u00e9v\u00e9ler des informations \u00e0 caract\u00e8re personnel sur vous-m\u00eame. Toutefois, il est alors probable que vous ne puissiez pas profiter de certaines promotions. Nous recueillons, conservons et utilisons les informations \u00e0 caract\u00e8re personnel que vous nous avez volontairement soumises pour vous contacter, y compris par courrier \u00e9lectronique, pour r\u00e9pondre \u00e0 vos commentaires ou demandes d\u2019informations.\u00a0 Nous les utiliserons \u00e9galement afin de vous communiquer des informations \u00e0 propos des services g\u00e9n\u00e9raux propos\u00e9s par divine.ca, et de vous envoyer tout cyberbulletin quotidien ou hebdomadaire auquel vous vous \u00eates abonn\u00e9 ainsi que des courriels commandit\u00e9s au nom de partenaires soigneusement s\u00e9lectionn\u00e9s concernant des offres sp\u00e9ciales, des promotions et des nouveaux produits susceptibles de vous int\u00e9resser, \u00e0 moins que vous ne choisissiez de vous d\u00e9sabonner de ces envois. Nous les utiliserons \u00e9galement pour vous contacter \u00e0 propos des divers services offerts par divine.ca, \u00e0 moins que vous choisissiez d\u2019annuler votre abonnement \u00e0 ces envois. Vous pouvez le faire en modifiant vos pr\u00e9f\u00e9rences sur votre page de profil et\/ou cliquant sur le lien \u00ab D\u00e9sabonnez-moi \u00bb\u00a0 au bas de tout courriel\u00a0 divine.ca. De plus, nous utiliserons peut-\u00eatre vos informations personnelles pour vous fournir les produits et les services les plus adapt\u00e9s et susceptibles de r\u00e9pondre \u00e0 vos besoins et \u00e0 vos\u00a0 demandes.\u00a0 Afin de mieux r\u00e9pondre \u00e0 vos besoins, nous pourrons au besoin compl\u00e9ter les informations collig\u00e9es avec les informations obtenues de tiers partis dans les m\u00eames buts.<\/p>\n<p>Tout contact avec notre \u00e9quipe de service \u00e0 la client\u00e8le peut \u00eatre enregistr\u00e9 pour nous aider \u00e0 offrir un meilleur service.<\/p>\n<p>PARTAGE OU TRANSFERT D\u2019INFORMATIONS:<br \/>\nSans votre consentement, divine.ca ne souhaite pas \u00e9changer, vendre ni transmettre les donn\u00e9es \u00e0 caract\u00e8re personnel vous concernant \u00e0 d\u2019autres entreprises que celles auxquelles vous avez confi\u00e9 vos donn\u00e9es \u00e0 caract\u00e8re personnel. Si vous nous donnez l\u2019autorisation de partager les donn\u00e9es vous concernant avec d\u2019autres entreprises, il se peut que nous les partagions avec des entreprises qui offrent des produits et des services qui peuvent vous int\u00e9resser. Ces entreprises peuvent alors vous contacter pour vous proposer des produits, des offres d\u2019\u00e9chantillons personnalis\u00e9es, des informations ou encore pour demander votre avis sur des produits et des programmes qui pourraient, selon eux, vous int\u00e9resser.<\/p>\n<p>Vos donn\u00e9es \u00e0 caract\u00e8re personnel seront de mani\u00e8re g\u00e9n\u00e9rale conserv\u00e9es dans les bases de donn\u00e9es de divine.ca situ\u00e9es au \u00c9tats-Unis.<\/p>\n<p>Vous pouvez utiliser divine.ca pour inviter d\u2019autres individus \u00e0 lire des articles, participer \u00e0 des concours, etc. Nous utiliserons les adresses courriel que vous nous fournissez seulement pour envoyer une invitation \u00e0 visualiser l\u2019item en question. divine.ca ne vendra, ni ne partagera les adresses courriel des destinataires, ni les ajouter \u00e0 toute liste d\u2019envoi.<\/p>\n<p>COOKIES: Les \u00ab cookies \u00bb nous sont utiles \u00e0 plusieurs \u00e9gards afin de rendre votre visite sur notre site Web plus agr\u00e9able et pertinente. Les cookies sont des fichiers de texte informatifs que votre navigateur Internet place sur votre ordinateur lorsque vous visitez un site Web. divine.ca peut utiliser la technologie des \u00ab cookies \u00bb afin d\u2019obtenir des donn\u00e9es \u00e0 caract\u00e8re non personnel de votre part, en tant que visiteur en ligne. La plupart des navigateurs acceptent automatiquement les cookies, mais ils peuvent \u00eatre configur\u00e9s de mani\u00e8re \u00e0 ne pas les accepter ou \u00e0 signaler lorsqu\u2019un cookie est envoy\u00e9. divine.ca peut \u00e9galement utiliser des \u00ab balises Web \u00bb afin d\u2019acc\u00e9der aux informations contenues dans les cookies au sein du r\u00e9seau des sites Web et des banni\u00e8res interactives de divine.ca.<\/p>\n<p>VOUS POUVEZ CHOISIR D\u2019\u00caTRE CONTACT\u00c9 OU NON: Nos sites vous permettent de choisir, par exemple, de recevoir ou d\u2019arr\u00eater de recevoir des communications de notre part.<\/p>\n<p>VIE PRIV\u00c9E DES ENFANTS: Nous prenons soin de prot\u00e9ger la vie priv\u00e9e des enfants et respectons les lois et r\u00e9glementations nationales et internationales en mati\u00e8re de protection de la vie priv\u00e9e des enfants.<\/p>\n<p>S\u00c9CURIT\u00c9: Nous prenons des mesures afin de prot\u00e9ger, autant que possible, toutes les informations que vous nous envoyez en ligne contre tout acc\u00e8s et utilisation non autoris\u00e9s.<\/p>\n<p>ACC\u00c8S \u00c0 VOS INFORMATIONS \u00c0 PLAINTES: divine.ca s&#8217;engage \u00e0 traiter rapidement toute r\u00e9clamation ou contestation en mati\u00e8re de protection de la vie priv\u00e9e. Les questions relatives \u00e0 notre Politique de protection de la vie priv\u00e9e doivent \u00eatre adress\u00e9es \u00e0 divine.ca.<br \/>\nLIEN VERS D\u2019AUTRES SITES: Il est possible que le site Internet de divine.ca contiennent des liens vers d\u2019autres sites Web. divine.ca n\u2019est pas responsable des pratiques en mati\u00e8re de respect de la vie priv\u00e9e ou du contenu de tels sites Web. Nous vous recommandons de lire attentivement les politiques en mati\u00e8re de vie priv\u00e9e de chaque site que vous visitez.<\/p>\n<p>VOTRE ACCEPTATION DE NOTRE POLITIQUE DE CONFIDENTIALIT\u00c9: En utilisant ce site Web ou tout autre site Web de divine.ca ou banni\u00e8res de publicit\u00e9s interactives, vous indiquez que vous acceptez notre Politique de Protection de la vie priv\u00e9e, et que vous adh\u00e9rez aux termes et conditions affich\u00e9es sur le site Web.<\/p>\n<p>CHANGEMENTS APPORT\u00c9S \u00c0 CETTE POLITIQUE: divine.ca peut modifier ou mettre \u00e0 jour cette politique. Nous vous tiendrons inform\u00e9s de changements significatifs concernant la fa\u00e7on dont nous utilisons les informations de nature personnelle en envoyant un avis de notification \u00e0 l\u2019adresse courriel principale que vous nous avez fournie lors de votre abonnement ou\u00a0 en affichant or un avis pro\u00e9minent sur notre site.<\/p>\n<p>COMMENT NOUS CONTACTER: divine.ca s\u2019engage \u00e0 travailler avec les consommateurs en vue d\u2019obtenir des ententes \u00e9quitables et rapides au sujet de toutes les plaintes ou diff\u00e9rends reli\u00e9s \u00e0 la politique de la vie priv\u00e9e. Veuillez SVP nous envoyer vos questions ou commentaires relatifs \u00e0 nos m\u00e9thodes utilis\u00e9es en rapport \u00e0 la politique de la vie priv\u00e9e, en cliquant sur ce lien\u00a0<a href=\"http:\/\/www.divine.ca\/fr\/contactez-nous\/\">http:\/\/www.divine.ca\/fr\/contactez-nous\/<\/a>\u00a0 ou envoyez nous une lettre \u00e0 :<\/p>\n<p><strong>divine.ca<\/strong><br \/>\n4810, Jean-Talon O suite 203<br \/>\nMontr\u00e9al, (QC) H4P 2N5<br \/>\n<a>admin@divine.ca<\/a><\/p>\n<p>Date de la derni\u00e8re r\u00e9vision: 14 janvier 2015\t\t<\/p>\n","protected":false},"excerpt":{"rendered":"<div class=\"post-excerpt\">Chez divine.ca, nous prenons au s\u00e9rieux la protection de votre vie priv\u00e9e. La politique suivante vous indique comment nous utilisons vos informations personnelles. INFORMATIONS RECUEILLIES ET COMMENT NOUS LES UTILISONS:&hellip;<\/div>\n<div class=\"post-more\"><a href=\"https:\/\/divine.ca\/en\/politique-de-confidentialite\/\" class=\"button button-primary button-effect\"><span>View Post<\/span><span><i class=\"cs-icon cs-icon-arrow-right\"><\/i><\/span><\/a><\/div>\n","protected":false},"author":6,"featured_media":0,"parent":0,"menu_order":0,"comment_status":"open","ping_status":"open","template":"","meta":{"footnotes":""},"class_list":["post-18635","page","type-page","status-publish"],"_links":{"self":[{"href":"https:\/\/divine.ca\/en\/wp-json\/wp\/v2\/pages\/18635","targetHints":{"allow":["GET"]}}],"collection":[{"href":"https:\/\/divine.ca\/en\/wp-json\/wp\/v2\/pages"}],"about":[{"href":"https:\/\/divine.ca\/en\/wp-json\/wp\/v2\/types\/page"}],"author":[{"embeddable":true,"href":"https:\/\/divine.ca\/en\/wp-json\/wp\/v2\/users\/6"}],"replies":[{"embeddable":true,"href":"https:\/\/divine.ca\/en\/wp-json\/wp\/v2\/comments?post=18635"}],"version-history":[{"count":0,"href":"https:\/\/divine.ca\/en\/wp-json\/wp\/v2\/pages\/18635\/revisions"}],"wp:attachment":[{"href":"https:\/\/divine.ca\/en\/wp-json\/wp\/v2\/media?parent=18635"}],"curies":[{"name":"wp","href":"https:\/\/api.w.org\/{rel}","templated":true}]}}